{"id":81,"date":"2021-04-18T10:27:49","date_gmt":"2021-04-18T08:27:49","guid":{"rendered":"https:\/\/www.gmseafoods.fr\/?page_id=81"},"modified":"2021-04-20T18:58:35","modified_gmt":"2021-04-20T16:58:35","slug":"lentreprise-2","status":"publish","type":"page","link":"https:\/\/www.gmseafoods.fr\/","title":{"rendered":"L&rsquo;entreprise"},"content":{"rendered":"\n<p>Fraichement cr\u00e9e en 2021, A travers nos proches relations avec nos producteurs de l&rsquo;Europe du Nord.<\/p>\n\n\n\n<p> Notre force, vous proposer d\u00e8s le d\u00e9barquement une grande vari\u00e9t\u00e9 de produits de la mer disponible \u00e0 Boulogne sur mer le lendemain matin.<\/p>\n","protected":false},"excerpt":{"rendered":"<p>Fraichement cr\u00e9e en 2021, A travers nos proches relations avec nos producteurs de l&rsquo;Europe du Nord. Notre force, vous proposer d\u00e8s le d\u00e9barquement une grande vari\u00e9t\u00e9 de produits de la mer disponible \u00e0 Boulogne sur mer le lendemain matin.<\/p>\n","protected":false},"author":1,"featured_media":0,"parent":0,"menu_order":0,"comment_status":"closed","ping_status":"closed","template":"","meta":[],"yoast_head":"<!-- This site is optimized with the Yoast SEO plugin v16.1.1 - https:\/\/yoast.com\/wordpress\/plugins\/seo\/ -->\n<title>L&#039;entreprise - gm seafoods<\/title>\n<link rel=\"canonical\" href=\"https:\/\/www.gmseafoods.fr\/\" \/>\n<meta property=\"og:locale\" content=\"fr_FR\" \/>\n<meta property=\"og:type\" content=\"article\" \/>\n<meta property=\"og:title\" content=\"L&#039;entreprise - gm seafoods\" \/>\n<meta property=\"og:description\" content=\"Fraichement cr\u00e9e en 2021, A travers nos proches relations avec nos producteurs de l&rsquo;Europe du Nord. Notre force, vous proposer d\u00e8s le d\u00e9barquement une grande vari\u00e9t\u00e9 de produits de la mer disponible \u00e0 Boulogne sur mer le lendemain matin.\" \/>\n<meta property=\"og:url\" content=\"https:\/\/www.gmseafoods.fr\/\" \/>\n<meta property=\"og:site_name\" content=\"gm seafoods\" \/>\n<meta property=\"article:modified_time\" content=\"2021-04-20T16:58:35+00:00\" \/>\n<meta name=\"twitter:card\" content=\"summary_large_image\" \/>\n<meta name=\"twitter:label1\" content=\"Dur\u00e9e de lecture est.\">\n\t<meta name=\"twitter:data1\" content=\"1 minute\">\n<script type=\"application\/ld+json\" class=\"yoast-schema-graph\">{\"@context\":\"https:\/\/schema.org\",\"@graph\":[{\"@type\":\"Organization\",\"@id\":\"https:\/\/www.gmseafoods.fr\/#organization\",\"name\":\"GM SEAFOODS\",\"url\":\"https:\/\/www.gmseafoods.fr\/\",\"sameAs\":[],\"logo\":{\"@type\":\"ImageObject\",\"@id\":\"https:\/\/www.gmseafoods.fr\/#logo\",\"inLanguage\":\"fr-FR\",\"url\":\"https:\/\/www.gmseafoods.fr\/wp-content\/uploads\/2021\/04\/cropped-LOGO-GM-SEAFOODS-1.png\",\"contentUrl\":\"https:\/\/www.gmseafoods.fr\/wp-content\/uploads\/2021\/04\/cropped-LOGO-GM-SEAFOODS-1.png\",\"width\":299,\"height\":250,\"caption\":\"GM SEAFOODS\"},\"image\":{\"@id\":\"https:\/\/www.gmseafoods.fr\/#logo\"}},{\"@type\":\"WebSite\",\"@id\":\"https:\/\/www.gmseafoods.fr\/#website\",\"url\":\"https:\/\/www.gmseafoods.fr\/\",\"name\":\"gm seafoods\",\"description\":\"Le meilleur des produits de la mer \\u00e0 la source\",\"publisher\":{\"@id\":\"https:\/\/www.gmseafoods.fr\/#organization\"},\"potentialAction\":[{\"@type\":\"SearchAction\",\"target\":\"https:\/\/www.gmseafoods.fr\/?s={search_term_string}\",\"query-input\":\"required name=search_term_string\"}],\"inLanguage\":\"fr-FR\"},{\"@type\":\"WebPage\",\"@id\":\"https:\/\/www.gmseafoods.fr\/#webpage\",\"url\":\"https:\/\/www.gmseafoods.fr\/\",\"name\":\"L'entreprise - gm seafoods\",\"isPartOf\":{\"@id\":\"https:\/\/www.gmseafoods.fr\/#website\"},\"datePublished\":\"2021-04-18T08:27:49+00:00\",\"dateModified\":\"2021-04-20T16:58:35+00:00\",\"breadcrumb\":{\"@id\":\"https:\/\/www.gmseafoods.fr\/#breadcrumb\"},\"inLanguage\":\"fr-FR\",\"potentialAction\":[{\"@type\":\"ReadAction\",\"target\":[\"https:\/\/www.gmseafoods.fr\/\"]}]},{\"@type\":\"BreadcrumbList\",\"@id\":\"https:\/\/www.gmseafoods.fr\/#breadcrumb\",\"itemListElement\":[{\"@type\":\"ListItem\",\"position\":1,\"item\":{\"@type\":\"WebPage\",\"@id\":\"https:\/\/www.gmseafoods.fr\/\",\"url\":\"https:\/\/www.gmseafoods.fr\/\",\"name\":\"Accueil\"}},{\"@type\":\"ListItem\",\"position\":2,\"item\":{\"@type\":\"WebPage\",\"@id\":\"https:\/\/www.gmseafoods.fr\/\",\"url\":\"https:\/\/www.gmseafoods.fr\/\",\"name\":\"L&rsquo;entreprise\"}}]}]}<\/script>\n<!-- \/ Yoast SEO plugin. -->","_links":{"self":[{"href":"https:\/\/www.gmseafoods.fr\/index.php\/wp-json\/wp\/v2\/pages\/81"}],"collection":[{"href":"https:\/\/www.gmseafoods.fr\/index.php\/wp-json\/wp\/v2\/pages"}],"about":[{"href":"https:\/\/www.gmseafoods.fr\/index.php\/wp-json\/wp\/v2\/types\/page"}],"author":[{"embeddable":true,"href":"https:\/\/www.gmseafoods.fr\/index.php\/wp-json\/wp\/v2\/users\/1"}],"replies":[{"embeddable":true,"href":"https:\/\/www.gmseafoods.fr\/index.php\/wp-json\/wp\/v2\/comments?post=81"}],"version-history":[{"count":3,"href":"https:\/\/www.gmseafoods.fr\/index.php\/wp-json\/wp\/v2\/pages\/81\/revisions"}],"predecessor-version":[{"id":98,"href":"https:\/\/www.gmseafoods.fr\/index.php\/wp-json\/wp\/v2\/pages\/81\/revisions\/98"}],"wp:attachment":[{"href":"https:\/\/www.gmseafoods.fr\/index.php\/wp-json\/wp\/v2\/media?parent=81"}],"curies":[{"name":"wp","href":"https:\/\/api.w.org\/{rel}","templated":true}]}}