{"id":16,"date":"2021-04-17T17:08:17","date_gmt":"2021-04-17T15:08:17","guid":{"rendered":"https:\/\/www.gmseafoods.fr\/?page_id=16"},"modified":"2023-09-30T18:17:09","modified_gmt":"2023-09-30T16:17:09","slug":"logistique","status":"publish","type":"page","link":"https:\/\/www.gmseafoods.fr\/index.php\/logistique\/","title":{"rendered":"Logistique"},"content":{"rendered":"\n<p>En partenariat avec le Groupe Delanchy, Nous avons une surface de r\u00e9ception et de pr\u00e9paration en temp\u00e9rature dirig\u00e9 de 2000m2 <\/p>\n\n\n\n<p>Nous sommes situ\u00e9 :<\/p>\n\n\n\n<a> GM SEAFOODS SAS <P>\n<P> DELANCHY <P> \n<P> QUAI ANGLETERRE <P>\n<address> 4 RUE HURET LAGACHE 62200 BOULOGNE SUR MER <P>\n\n\n\n<figure class=\"wp-block-image size-large\"><img loading=\"lazy\" width=\"1024\" height=\"631\" src=\"https:\/\/www.gmseafoods.fr\/wp-content\/uploads\/2021\/04\/BL.Delanchy.Copromer.2-1024x631.jpg\" alt=\"\" class=\"wp-image-99\" srcset=\"https:\/\/www.gmseafoods.fr\/wp-content\/uploads\/2021\/04\/BL.Delanchy.Copromer.2-1024x631.jpg 1024w, https:\/\/www.gmseafoods.fr\/wp-content\/uploads\/2021\/04\/BL.Delanchy.Copromer.2-300x185.jpg 300w, https:\/\/www.gmseafoods.fr\/wp-content\/uploads\/2021\/04\/BL.Delanchy.Copromer.2-768x474.jpg 768w, https:\/\/www.gmseafoods.fr\/wp-content\/uploads\/2021\/04\/BL.Delanchy.Copromer.2.jpg 1200w\" sizes=\"(max-width: 767px) 89vw, (max-width: 1000px) 54vw, (max-width: 1071px) 543px, 580px\" \/><\/figure>\n\n\n\n<figure class=\"wp-block-image size-large\"><img loading=\"lazy\" width=\"800\" height=\"646\" src=\"https:\/\/www.gmseafoods.fr\/wp-content\/uploads\/2021\/04\/LOGISTIQUE-MAREYEUR-2.jpg\" alt=\"\" class=\"wp-image-94\" srcset=\"https:\/\/www.gmseafoods.fr\/wp-content\/uploads\/2021\/04\/LOGISTIQUE-MAREYEUR-2.jpg 800w, https:\/\/www.gmseafoods.fr\/wp-content\/uploads\/2021\/04\/LOGISTIQUE-MAREYEUR-2-300x242.jpg 300w, https:\/\/www.gmseafoods.fr\/wp-content\/uploads\/2021\/04\/LOGISTIQUE-MAREYEUR-2-768x620.jpg 768w\" sizes=\"(max-width: 767px) 89vw, (max-width: 1000px) 54vw, (max-width: 1071px) 543px, 580px\" \/><\/figure>\n","protected":false},"excerpt":{"rendered":"<p>En partenariat avec le Groupe Delanchy, Nous avons une surface de r\u00e9ception et de pr\u00e9paration en temp\u00e9rature dirig\u00e9 de 2000m2 Nous sommes situ\u00e9 : GM SEAFOODS SAS DELANCHY QUAI ANGLETERRE 4 RUE HURET LAGACHE 62200 BOULOGNE SUR MER<\/p>\n","protected":false},"author":1,"featured_media":0,"parent":0,"menu_order":0,"comment_status":"closed","ping_status":"closed","template":"","meta":[],"yoast_head":"<!-- This site is optimized with the Yoast SEO plugin v16.1.1 - https:\/\/yoast.com\/wordpress\/plugins\/seo\/ -->\n<title>Logistique - gm seafoods<\/title>\n<link rel=\"canonical\" href=\"https:\/\/www.gmseafoods.fr\/index.php\/logistique\/\" \/>\n<meta property=\"og:locale\" content=\"fr_FR\" \/>\n<meta property=\"og:type\" content=\"article\" \/>\n<meta property=\"og:title\" content=\"Logistique - gm seafoods\" \/>\n<meta property=\"og:description\" content=\"En partenariat avec le Groupe Delanchy, Nous avons une surface de r\u00e9ception et de pr\u00e9paration en temp\u00e9rature dirig\u00e9 de 2000m2 Nous sommes situ\u00e9 : GM SEAFOODS SAS DELANCHY QUAI ANGLETERRE 4 RUE HURET LAGACHE 62200 BOULOGNE SUR MER\" \/>\n<meta property=\"og:url\" content=\"https:\/\/www.gmseafoods.fr\/index.php\/logistique\/\" \/>\n<meta property=\"og:site_name\" content=\"gm seafoods\" \/>\n<meta property=\"article:modified_time\" content=\"2023-09-30T16:17:09+00:00\" \/>\n<meta property=\"og:image\" content=\"https:\/\/www.gmseafoods.fr\/wp-content\/uploads\/2021\/04\/BL.Delanchy.Copromer.2-1024x631.jpg\" \/>\n<meta name=\"twitter:card\" content=\"summary_large_image\" \/>\n<meta name=\"twitter:label1\" content=\"Dur\u00e9e de lecture est.\">\n\t<meta name=\"twitter:data1\" content=\"1 minute\">\n<script type=\"application\/ld+json\" class=\"yoast-schema-graph\">{\"@context\":\"https:\/\/schema.org\",\"@graph\":[{\"@type\":\"Organization\",\"@id\":\"https:\/\/www.gmseafoods.fr\/#organization\",\"name\":\"GM SEAFOODS\",\"url\":\"https:\/\/www.gmseafoods.fr\/\",\"sameAs\":[],\"logo\":{\"@type\":\"ImageObject\",\"@id\":\"https:\/\/www.gmseafoods.fr\/#logo\",\"inLanguage\":\"fr-FR\",\"url\":\"https:\/\/www.gmseafoods.fr\/wp-content\/uploads\/2021\/04\/cropped-LOGO-GM-SEAFOODS-1.png\",\"contentUrl\":\"https:\/\/www.gmseafoods.fr\/wp-content\/uploads\/2021\/04\/cropped-LOGO-GM-SEAFOODS-1.png\",\"width\":299,\"height\":250,\"caption\":\"GM SEAFOODS\"},\"image\":{\"@id\":\"https:\/\/www.gmseafoods.fr\/#logo\"}},{\"@type\":\"WebSite\",\"@id\":\"https:\/\/www.gmseafoods.fr\/#website\",\"url\":\"https:\/\/www.gmseafoods.fr\/\",\"name\":\"gm seafoods\",\"description\":\"Le meilleur des produits de la mer \\u00e0 la source\",\"publisher\":{\"@id\":\"https:\/\/www.gmseafoods.fr\/#organization\"},\"potentialAction\":[{\"@type\":\"SearchAction\",\"target\":\"https:\/\/www.gmseafoods.fr\/?s={search_term_string}\",\"query-input\":\"required name=search_term_string\"}],\"inLanguage\":\"fr-FR\"},{\"@type\":\"ImageObject\",\"@id\":\"https:\/\/www.gmseafoods.fr\/index.php\/logistique\/#primaryimage\",\"inLanguage\":\"fr-FR\",\"url\":\"https:\/\/www.gmseafoods.fr\/wp-content\/uploads\/2021\/04\/BL.Delanchy.Copromer.2.jpg\",\"contentUrl\":\"https:\/\/www.gmseafoods.fr\/wp-content\/uploads\/2021\/04\/BL.Delanchy.Copromer.2.jpg\",\"width\":1200,\"height\":740},{\"@type\":\"WebPage\",\"@id\":\"https:\/\/www.gmseafoods.fr\/index.php\/logistique\/#webpage\",\"url\":\"https:\/\/www.gmseafoods.fr\/index.php\/logistique\/\",\"name\":\"Logistique - gm seafoods\",\"isPartOf\":{\"@id\":\"https:\/\/www.gmseafoods.fr\/#website\"},\"primaryImageOfPage\":{\"@id\":\"https:\/\/www.gmseafoods.fr\/index.php\/logistique\/#primaryimage\"},\"datePublished\":\"2021-04-17T15:08:17+00:00\",\"dateModified\":\"2023-09-30T16:17:09+00:00\",\"breadcrumb\":{\"@id\":\"https:\/\/www.gmseafoods.fr\/index.php\/logistique\/#breadcrumb\"},\"inLanguage\":\"fr-FR\",\"potentialAction\":[{\"@type\":\"ReadAction\",\"target\":[\"https:\/\/www.gmseafoods.fr\/index.php\/logistique\/\"]}]},{\"@type\":\"BreadcrumbList\",\"@id\":\"https:\/\/www.gmseafoods.fr\/index.php\/logistique\/#breadcrumb\",\"itemListElement\":[{\"@type\":\"ListItem\",\"position\":1,\"item\":{\"@type\":\"WebPage\",\"@id\":\"https:\/\/www.gmseafoods.fr\/\",\"url\":\"https:\/\/www.gmseafoods.fr\/\",\"name\":\"Accueil\"}},{\"@type\":\"ListItem\",\"position\":2,\"item\":{\"@type\":\"WebPage\",\"@id\":\"https:\/\/www.gmseafoods.fr\/index.php\/logistique\/\",\"url\":\"https:\/\/www.gmseafoods.fr\/index.php\/logistique\/\",\"name\":\"Logistique\"}}]}]}<\/script>\n<!-- \/ Yoast SEO plugin. -->","_links":{"self":[{"href":"https:\/\/www.gmseafoods.fr\/index.php\/wp-json\/wp\/v2\/pages\/16"}],"collection":[{"href":"https:\/\/www.gmseafoods.fr\/index.php\/wp-json\/wp\/v2\/pages"}],"about":[{"href":"https:\/\/www.gmseafoods.fr\/index.php\/wp-json\/wp\/v2\/types\/page"}],"author":[{"embeddable":true,"href":"https:\/\/www.gmseafoods.fr\/index.php\/wp-json\/wp\/v2\/users\/1"}],"replies":[{"embeddable":true,"href":"https:\/\/www.gmseafoods.fr\/index.php\/wp-json\/wp\/v2\/comments?post=16"}],"version-history":[{"count":7,"href":"https:\/\/www.gmseafoods.fr\/index.php\/wp-json\/wp\/v2\/pages\/16\/revisions"}],"predecessor-version":[{"id":180,"href":"https:\/\/www.gmseafoods.fr\/index.php\/wp-json\/wp\/v2\/pages\/16\/revisions\/180"}],"wp:attachment":[{"href":"https:\/\/www.gmseafoods.fr\/index.php\/wp-json\/wp\/v2\/media?parent=16"}],"curies":[{"name":"wp","href":"https:\/\/api.w.org\/{rel}","templated":true}]}}